{"id":2447,"date":"2024-05-13T10:05:24","date_gmt":"2024-05-13T07:05:24","guid":{"rendered":"https:\/\/tyoturvakortit.fi\/offer-request\/"},"modified":"2025-01-30T17:08:56","modified_gmt":"2025-01-30T14:08:56","slug":"offer-request","status":"publish","type":"page","link":"https:\/\/tyoturvakortit.fi\/en\/offer-request\/","title":{"rendered":"Offer request"},"content":{"rendered":"\n<style type=\"text\/css\" data-created_by=\"avia_inline_auto\" id=\"style-css-av-lw4meu4r-b42318bd34c0ac64140fe31ea23ee8a2\">\n.avia-section.av-lw4meu4r-b42318bd34c0ac64140fe31ea23ee8a2{\nbackground-color:#f7f7f7;\nbackground-image:unset;\nmargin-top:0;\nmargin-bottom:0;\n}\n<\/style>\n<div id='av_section_1'  class='avia-section av-lw4meu4r-b42318bd34c0ac64140fe31ea23ee8a2 main_color avia-section-no-padding avia-no-border-styling  avia-builder-el-0  el_before_av_section  avia-builder-el-first  avia-bg-style-scroll container_wrap fullsize'  ><div class='container av-section-cont-open' ><main  role=\"main\" itemprop=\"mainContentOfPage\"  class='template-page content  av-content-full alpha units'><div class='post-entry post-entry-type-page post-entry-2447'><div class='entry-content-wrapper clearfix'>\n\n<style type=\"text\/css\" data-created_by=\"avia_inline_auto\" id=\"style-css-av-lw8xz1yk-c96cf7cee27b730fa9d84f577c5470c7\">\n#top .hr.hr-invisible.av-lw8xz1yk-c96cf7cee27b730fa9d84f577c5470c7{\nheight:70px;\n}\n<\/style>\n<div  class='hr av-lw8xz1yk-c96cf7cee27b730fa9d84f577c5470c7 hr-invisible  avia-builder-el-1  el_before_av_textblock  avia-builder-el-first '><span class='hr-inner '><span class=\"hr-inner-style\"><\/span><\/span><\/div>\n<section  id=\"margin-20\"  class='av_textblock_section av-lw4mgibi-95a9b68ffb4cd1bc5e2678e3c7b59f0f '   itemscope=\"itemscope\" itemtype=\"https:\/\/schema.org\/CreativeWork\" ><div class='avia_textblock'  itemprop=\"text\" ><h2 style=\"text-align: center;\">Request an offer<\/h2>\n<\/div><\/section>\n\n<style type=\"text\/css\" data-created_by=\"avia_inline_auto\" id=\"style-css-av-lw7ofr98-e96025fe2ae15c932878ffcbad01b08e\">\n#top .hr.hr-invisible.av-lw7ofr98-e96025fe2ae15c932878ffcbad01b08e{\nheight:20px;\n}\n<\/style>\n<div  class='hr av-lw7ofr98-e96025fe2ae15c932878ffcbad01b08e hr-invisible  avia-builder-el-3  el_after_av_textblock  el_before_av_textblock '><span class='hr-inner '><span class=\"hr-inner-style\"><\/span><\/span><\/div>\n<section  id=\"margin-10\"  class='av_textblock_section av-7snn0-a5090566572b4b1d09130bccfc27aefd '   itemscope=\"itemscope\" itemtype=\"https:\/\/schema.org\/CreativeWork\" ><div class='avia_textblock'  itemprop=\"text\" ><p style=\"text-align: center;\">Request a quote for occupational safety training and the Trainify learning environment. Ty\u00f6turvakortit.fi offers high-quality occupational safety training organized by qualified instructors.<\/p>\n<\/div><\/section>\n\n<style type=\"text\/css\" data-created_by=\"avia_inline_auto\" id=\"style-css-av-fztes-ca61c714be4dd49f71608a9a2fdb52cf\">\n#top .hr.hr-invisible.av-fztes-ca61c714be4dd49f71608a9a2fdb52cf{\nheight:20px;\n}\n<\/style>\n<div  class='hr av-fztes-ca61c714be4dd49f71608a9a2fdb52cf hr-invisible  avia-builder-el-5  el_after_av_textblock  el_before_av_image '><span class='hr-inner '><span class=\"hr-inner-style\"><\/span><\/span><\/div>\n\n<style type=\"text\/css\" data-created_by=\"avia_inline_auto\" id=\"style-css-av-ffsqc-5a1e141d68e2a4453e0edf059729788e\">\n.avia-image-container.av-ffsqc-5a1e141d68e2a4453e0edf059729788e img.avia_image{\nbox-shadow:none;\n}\n.avia-image-container.av-ffsqc-5a1e141d68e2a4453e0edf059729788e .av-image-caption-overlay-center{\ncolor:#ffffff;\n}\n<\/style>\n<div  id=\"margin-10\"  class='avia-image-container av-ffsqc-5a1e141d68e2a4453e0edf059729788e av-styling- avia-align-center  avia-builder-el-6  el_after_av_hr  avia-builder-el-last '   itemprop=\"image\" itemscope=\"itemscope\" itemtype=\"https:\/\/schema.org\/ImageObject\" ><div class=\"avia-image-container-inner\"><div class=\"avia-image-overlay-wrap\"><img decoding=\"async\" fetchpriority=\"high\" class='wp-image- avia-img-lazy-loading-not- avia_image ' src=\"http:\/\/tyoturvakortit.fi\/wp-content\/uploads\/2024\/05\/horizontal-illustration.png\" alt='' title=''   itemprop=\"thumbnailUrl\"  \/><\/div><\/div><\/div>\n<\/div><\/div><\/main><!-- close content main element --><\/div><\/div>\n<style type=\"text\/css\" data-created_by=\"avia_inline_auto\" id=\"style-css-av-2go0a4-3b025cbb25cb9edd7a0b9e3858d98a20\">\n.avia-section.av-2go0a4-3b025cbb25cb9edd7a0b9e3858d98a20{\nbackground-color:#fffcfc;\nbackground-image:unset;\n}\n<\/style>\n<div id='tarjouspyynto'  class='avia-section av-2go0a4-3b025cbb25cb9edd7a0b9e3858d98a20 main_color avia-section-default avia-no-border-styling  avia-builder-el-7  el_after_av_section  avia-builder-el-last  avia-bg-style-scroll container_wrap fullsize'  ><div class='container av-section-cont-open' ><div class='template-page content  av-content-full alpha units'><div class='post-entry post-entry-type-page post-entry-2447'><div class='entry-content-wrapper clearfix'>\n\n<style type=\"text\/css\" data-created_by=\"avia_inline_auto\" id=\"style-css-av-lw8zgz9s-5faccfc37e7a94eb87e95428d6d7e70a\">\n.flex_column.av-lw8zgz9s-5faccfc37e7a94eb87e95428d6d7e70a{\nwidth:48%;\npadding:40px 40px 40px 40px;\nbackground-color:#ebebeb;\n}\n<\/style>\n<div  class='flex_column av-lw8zgz9s-5faccfc37e7a94eb87e95428d6d7e70a av_one_half  avia-builder-el-8  el_before_av_one_half  avia-builder-el-first  first flex_column_div  '     ><p>\n<style type=\"text\/css\" data-created_by=\"avia_inline_auto\" id=\"style-css-av-2b88fw-58f3e8d0e4b21c7eaf6ebcf8c3d1555e\">\n#top .av-special-heading.av-2b88fw-58f3e8d0e4b21c7eaf6ebcf8c3d1555e{\npadding-bottom:10px;\n}\nbody .av-special-heading.av-2b88fw-58f3e8d0e4b21c7eaf6ebcf8c3d1555e .av-special-heading-tag .heading-char{\nfont-size:25px;\n}\n.av-special-heading.av-2b88fw-58f3e8d0e4b21c7eaf6ebcf8c3d1555e .av-subheading{\nfont-size:15px;\n}\n<\/style>\n<div  class='av-special-heading av-2b88fw-58f3e8d0e4b21c7eaf6ebcf8c3d1555e av-special-heading-h5 blockquote modern-quote  avia-builder-el-9  el_before_av_textblock  avia-builder-el-first '><h5 class='av-special-heading-tag '  itemprop=\"headline\"  >Send an offer request<\/h5><div class=\"special-heading-border\"><div class=\"special-heading-inner-border\"><\/div><\/div><\/div><br \/>\n<section  class='av_textblock_section av-lw8zkpon-23be711119c715dbd6afeb11e5aa99c9 '   itemscope=\"itemscope\" itemtype=\"https:\/\/schema.org\/CreativeWork\" ><div class='avia_textblock'  itemprop=\"text\" ><p>Book a professional occupational safety instructor to effortlessly train your staff on occupational safety issues. Through us, you can also get training time to access study materials in Trainify app! <\/p>\n<p>Fill out the form below and we will contact you!<\/p>\n<\/div><\/section><br \/>\n<form action=\"https:\/\/tyoturvakortit.fi\/en\/offer-request\/\" method=\"post\" data-fields-with-error=\"Found errors in the following field(s):\" class=\"avia_ajax_form av-form-labels-visible   avia-builder-el-11  el_after_av_textblock  avia-builder-el-last  av-show-form-errors  av-custom-form-color av-dark-form \" data-avia-form-id=\"1\" data-avia-redirect='' ><fieldset><p class='  first_form  form_element form_fullwidth' id='element_avia_1_1'><label for=\"avia_1_1\">Name <abbr class=\"required\" title=\"required\">*<\/abbr><\/label> <input name=\"avia_1_1\" class=\"text_input is_empty\" type=\"text\" id=\"avia_1_1\" value=\"\" \/><\/p><p class='  first_form  form_element form_fullwidth' id='element_avia_2_1'><label for=\"avia_2_1\">Company<\/label> <input name=\"avia_2_1\" class=\"text_input \" type=\"text\" id=\"avia_2_1\" value=\"\" \/><\/p><p class='  first_form  form_element form_fullwidth' id='element_avia_3_1'><label for=\"avia_3_1\">Email <abbr class=\"required\" title=\"required\">*<\/abbr><\/label> <input name=\"avia_3_1\" class=\"text_input is_email\" type=\"text\" id=\"avia_3_1\" value=\"\" \/><\/p><p class='  first_form  form_element form_fullwidth' id='element_avia_4_1'><label for=\"avia_4_1\">Phone <abbr class=\"required\" title=\"required\">*<\/abbr><\/label> <input name=\"avia_4_1\" class=\"text_input is_phone\" type=\"text\" id=\"avia_4_1\" value=\"\" \/><\/p><p class='  first_form  form_element form_fullwidth' id='element_avia_5_1'><label for=\"avia_5_1\">Preferred test date<\/label> <input name=\"avia_5_1\" class=\"avia_datepicker text_input \" type=\"text\" id=\"avia_5_1\" value=\"\" placeholder=\"DD \/ MM \/ YY\" inputmode=\"none\" \/><\/p><p class='  first_form  form_element form_fullwidth' id='element_avia_6_1'><label for=\"avia_6_1\">Number of participants in the test<\/label> <input name=\"avia_6_1\" class=\"text_input \" type=\"text\" id=\"avia_6_1\" value=\"\" \/><\/p><p class='  first_form  form_element form_fullwidth' id='element_avia_7_1'><label for=\"avia_7_1\">In which city will the test be held? <abbr class=\"required\" title=\"required\">*<\/abbr><\/label> <input name=\"avia_7_1\" class=\"text_input is_empty\" type=\"text\" id=\"avia_7_1\" value=\"\" \/><\/p><p class='  first_form  form_element form_fullwidth av-last-visible-form-element' id='element_avia_8_1'><label for=\"avia_8_1\" class=\"textare_label hidden textare_label_avia_8_1\">Additional information<\/label><textarea  name=\"avia_8_1\" class=\"text_area \" cols=\"40\" rows=\"7\" id=\"avia_8_1\" ><\/textarea><\/p><p class=\"hidden\"><input type=\"text\" name=\"avia_9_1\" class=\"hidden \" id=\"avia_9_1\" value=\"\" \/><\/p><p class=\"form_element \"><input type=\"hidden\" value=\"1\" name=\"avia_generated_form1\" \/><input type=\"submit\" value=\"Send\" class=\"button\"  data-sending-label=\"Sending\"\/><\/p><\/fieldset><\/form><div id=\"ajaxresponse_1\" class=\"ajaxresponse ajaxresponse_1 hidden\"><\/div><\/p><\/div>\n<style type=\"text\/css\" data-created_by=\"avia_inline_auto\" id=\"style-css-av-knx3w-d79c43657e769a535f58d9fd937ae381\">\n.flex_column.av-knx3w-d79c43657e769a535f58d9fd937ae381{\nwidth:48%;\nmargin-left:4%;\npadding:0 0 0 0;\nbackground-color:#ffffff;\n}\n<\/style>\n<div  class='flex_column av-knx3w-d79c43657e769a535f58d9fd937ae381 av_one_half  avia-builder-el-12  el_after_av_one_half  avia-builder-el-last  flex_column_div av-zero-column-padding  '     ><style type=\"text\/css\" data-created_by=\"avia_inline_auto\" id=\"style-css-av-1bb6c-ca05ec17b398497067b4aada14c7a054\">\n#top .av_textblock_section.av-1bb6c-ca05ec17b398497067b4aada14c7a054 .avia_textblock{\ntext-align:center;\n}\n<\/style>\n<section  id=\"color-box\"  class='av_textblock_section av-1bb6c-ca05ec17b398497067b4aada14c7a054 '   itemscope=\"itemscope\" itemtype=\"https:\/\/schema.org\/CreativeWork\" ><div class='avia_textblock'  itemprop=\"text\" ><div style=\"background-color: #ffee31; padding: 40px;\">\n<h5 style=\"text-align: left;\">Occupational safety training in Arabic or other languages?<\/h5>\n<p style=\"text-align: left;\">It&#8217;s possible, ask us for more information via the offer request form.<\/p>\n<\/div>\n<\/div><\/section><br \/>\n\n<style type=\"text\/css\" data-created_by=\"avia_inline_auto\" id=\"style-css-av-lw8zhwah-7133903e9a5317016d68b435d3b32925\">\n#top .hr.hr-invisible.av-lw8zhwah-7133903e9a5317016d68b435d3b32925{\nheight:40px;\n}\n<\/style>\n<div  class='hr av-lw8zhwah-7133903e9a5317016d68b435d3b32925 hr-invisible  avia-builder-el-14  el_after_av_textblock  el_before_av_textblock '><span class='hr-inner '><span class=\"hr-inner-style\"><\/span><\/span><\/div><br \/>\n\n<style type=\"text\/css\" data-created_by=\"avia_inline_auto\" id=\"style-css-av-7zzj0-221882014784850212192b4445de9be0\">\n#top .av_textblock_section.av-7zzj0-221882014784850212192b4445de9be0 .avia_textblock{\ntext-align:center;\n}\n<\/style>\n<section  id=\"color-box\"  class='av_textblock_section av-7zzj0-221882014784850212192b4445de9be0 '   itemscope=\"itemscope\" itemtype=\"https:\/\/schema.org\/CreativeWork\" ><div class='avia_textblock'  itemprop=\"text\" ><div style=\"background-color: #2f4858; padding: 40px;\">\n<h5 style=\"text-align: left; color: #ffee31;\">Are you looking for different option?<\/h5>\n<p style=\"text-align: left; color: ffee31 !important;\"><span style=\"color: #ffffff;\">Request a quote for payment codes, allowing your employees to choose a suitable training day for the occupational safety card from our offerings and register using the code. The package can also include practice time in the Trainify service. Request a quote from us, and we will customize a package tailored to your needs!  <\/span><\/p>\n<\/div>\n<\/div><\/section><\/p><\/div>\n<\/p>\n","protected":false},"excerpt":{"rendered":"<p>Ty\u00f6turvakortit.fi organizes occupational safety training! Request a quote for occupational safety training, and we will tailor the training to suit the specific needs of your company. <\/p>\n","protected":false},"author":2,"featured_media":0,"parent":0,"menu_order":0,"comment_status":"closed","ping_status":"closed","template":"","meta":{"content-type":"","_improvement_type_select":"improve_an_existing","_thumb_yes_seoaic":false,"_frame_yes_seoaic":false,"seoaic_generate_description":"","seoaic_improve_instructions_prompt":"","seoaic_rollback_content_improvement":"","seoaic_idea_thumbnail_generator":"","thumbnail_generated":false,"thumbnail_generate_prompt":"","seoaic_article_description":"","footnotes":""},"class_list":["post-2447","page","type-page","status-publish","hentry"],"yoast_head":"<!-- This site is optimized with the Yoast SEO Premium plugin v25.2 (Yoast SEO v26.8) - https:\/\/yoast.com\/product\/yoast-seo-premium-wordpress\/ -->\n<title>Offer request | Occupational safety card training for employees<\/title>\n<meta name=\"description\" content=\"Ty\u00f6turvakortit.fi organizes occupational safety training! Request a quote for occupational safety training, and we will tailor the training to suit the specific needs of your company.\" \/>\n<meta name=\"robots\" content=\"index, follow, max-snippet:-1, max-image-preview:large, max-video-preview:-1\" \/>\n<link rel=\"canonical\" href=\"https:\/\/tyoturvakortit.fi\/en\/offer-request\/\" \/>\n<meta property=\"og:locale\" content=\"en_US\" \/>\n<meta property=\"og:type\" content=\"article\" \/>\n<meta property=\"og:title\" content=\"Offer request\" \/>\n<meta property=\"og:description\" content=\"Ty\u00f6turvakortit.fi organizes occupational safety training! Request a quote for occupational safety training, and we will tailor the training to suit the specific needs of your company.\" \/>\n<meta property=\"og:url\" content=\"https:\/\/tyoturvakortit.fi\/en\/offer-request\/\" \/>\n<meta property=\"og:site_name\" content=\"Ty\u00f6turvallisuuskortti\" \/>\n<meta property=\"article:modified_time\" content=\"2025-01-30T14:08:56+00:00\" \/>\n<meta name=\"twitter:card\" content=\"summary_large_image\" \/>\n<meta name=\"twitter:label1\" content=\"Est. reading time\" \/>\n\t<meta name=\"twitter:data1\" content=\"18 minutes\" \/>\n<script type=\"application\/ld+json\" class=\"yoast-schema-graph\">{\"@context\":\"https:\/\/schema.org\",\"@graph\":[{\"@type\":\"WebPage\",\"@id\":\"https:\/\/tyoturvakortit.fi\/en\/offer-request\/\",\"url\":\"https:\/\/tyoturvakortit.fi\/en\/offer-request\/\",\"name\":\"Offer request | Occupational safety card training for employees\",\"isPartOf\":{\"@id\":\"https:\/\/tyoturvakortit.fi\/en\/#website\"},\"datePublished\":\"2024-05-13T07:05:24+00:00\",\"dateModified\":\"2025-01-30T14:08:56+00:00\",\"description\":\"Ty\u00f6turvakortit.fi organizes occupational safety training! Request a quote for occupational safety training, and we will tailor the training to suit the specific needs of your company.\",\"breadcrumb\":{\"@id\":\"https:\/\/tyoturvakortit.fi\/en\/offer-request\/#breadcrumb\"},\"inLanguage\":\"en-US\",\"potentialAction\":[{\"@type\":\"ReadAction\",\"target\":[\"https:\/\/tyoturvakortit.fi\/en\/offer-request\/\"]}]},{\"@type\":\"BreadcrumbList\",\"@id\":\"https:\/\/tyoturvakortit.fi\/en\/offer-request\/#breadcrumb\",\"itemListElement\":[{\"@type\":\"ListItem\",\"position\":1,\"name\":\"Home\",\"item\":\"https:\/\/tyoturvakortit.fi\/en\/\"},{\"@type\":\"ListItem\",\"position\":2,\"name\":\"Offer request\"}]},{\"@type\":\"WebSite\",\"@id\":\"https:\/\/tyoturvakortit.fi\/en\/#website\",\"url\":\"https:\/\/tyoturvakortit.fi\/en\/\",\"name\":\"Ty\u00f6turvakortit\",\"description\":\"Hanki TTK:n my\u00f6nt\u00e4m\u00e4 ty\u00f6turvallisuuskortti nyt 65 \u20ac\",\"publisher\":{\"@id\":\"https:\/\/tyoturvakortit.fi\/en\/#organization\"},\"potentialAction\":[{\"@type\":\"SearchAction\",\"target\":{\"@type\":\"EntryPoint\",\"urlTemplate\":\"https:\/\/tyoturvakortit.fi\/en\/?s={search_term_string}\"},\"query-input\":{\"@type\":\"PropertyValueSpecification\",\"valueRequired\":true,\"valueName\":\"search_term_string\"}}],\"inLanguage\":\"en-US\"},{\"@type\":\"Organization\",\"@id\":\"https:\/\/tyoturvakortit.fi\/en\/#organization\",\"name\":\"Trainify\",\"url\":\"https:\/\/tyoturvakortit.fi\/en\/\",\"logo\":{\"@type\":\"ImageObject\",\"inLanguage\":\"en-US\",\"@id\":\"https:\/\/tyoturvakortit.fi\/en\/#\/schema\/logo\/image\/\",\"url\":\"https:\/\/tyoturvakortit.fi\/wp-content\/uploads\/2025\/03\/Trainify-logo-parrot2.png\",\"contentUrl\":\"https:\/\/tyoturvakortit.fi\/wp-content\/uploads\/2025\/03\/Trainify-logo-parrot2.png\",\"width\":1114,\"height\":686,\"caption\":\"Trainify\"},\"image\":{\"@id\":\"https:\/\/tyoturvakortit.fi\/en\/#\/schema\/logo\/image\/\"}}]}<\/script>\n<!-- \/ Yoast SEO Premium plugin. -->","yoast_head_json":{"title":"Offer request | Occupational safety card training for employees","description":"Ty\u00f6turvakortit.fi organizes occupational safety training! Request a quote for occupational safety training, and we will tailor the training to suit the specific needs of your company.","robots":{"index":"index","follow":"follow","max-snippet":"max-snippet:-1","max-image-preview":"max-image-preview:large","max-video-preview":"max-video-preview:-1"},"canonical":"https:\/\/tyoturvakortit.fi\/en\/offer-request\/","og_locale":"en_US","og_type":"article","og_title":"Offer request","og_description":"Ty\u00f6turvakortit.fi organizes occupational safety training! Request a quote for occupational safety training, and we will tailor the training to suit the specific needs of your company.","og_url":"https:\/\/tyoturvakortit.fi\/en\/offer-request\/","og_site_name":"Ty\u00f6turvallisuuskortti","article_modified_time":"2025-01-30T14:08:56+00:00","twitter_card":"summary_large_image","twitter_misc":{"Est. reading time":"18 minutes"},"schema":{"@context":"https:\/\/schema.org","@graph":[{"@type":"WebPage","@id":"https:\/\/tyoturvakortit.fi\/en\/offer-request\/","url":"https:\/\/tyoturvakortit.fi\/en\/offer-request\/","name":"Offer request | Occupational safety card training for employees","isPartOf":{"@id":"https:\/\/tyoturvakortit.fi\/en\/#website"},"datePublished":"2024-05-13T07:05:24+00:00","dateModified":"2025-01-30T14:08:56+00:00","description":"Ty\u00f6turvakortit.fi organizes occupational safety training! Request a quote for occupational safety training, and we will tailor the training to suit the specific needs of your company.","breadcrumb":{"@id":"https:\/\/tyoturvakortit.fi\/en\/offer-request\/#breadcrumb"},"inLanguage":"en-US","potentialAction":[{"@type":"ReadAction","target":["https:\/\/tyoturvakortit.fi\/en\/offer-request\/"]}]},{"@type":"BreadcrumbList","@id":"https:\/\/tyoturvakortit.fi\/en\/offer-request\/#breadcrumb","itemListElement":[{"@type":"ListItem","position":1,"name":"Home","item":"https:\/\/tyoturvakortit.fi\/en\/"},{"@type":"ListItem","position":2,"name":"Offer request"}]},{"@type":"WebSite","@id":"https:\/\/tyoturvakortit.fi\/en\/#website","url":"https:\/\/tyoturvakortit.fi\/en\/","name":"Ty\u00f6turvakortit","description":"Hanki TTK:n my\u00f6nt\u00e4m\u00e4 ty\u00f6turvallisuuskortti nyt 65 \u20ac","publisher":{"@id":"https:\/\/tyoturvakortit.fi\/en\/#organization"},"potentialAction":[{"@type":"SearchAction","target":{"@type":"EntryPoint","urlTemplate":"https:\/\/tyoturvakortit.fi\/en\/?s={search_term_string}"},"query-input":{"@type":"PropertyValueSpecification","valueRequired":true,"valueName":"search_term_string"}}],"inLanguage":"en-US"},{"@type":"Organization","@id":"https:\/\/tyoturvakortit.fi\/en\/#organization","name":"Trainify","url":"https:\/\/tyoturvakortit.fi\/en\/","logo":{"@type":"ImageObject","inLanguage":"en-US","@id":"https:\/\/tyoturvakortit.fi\/en\/#\/schema\/logo\/image\/","url":"https:\/\/tyoturvakortit.fi\/wp-content\/uploads\/2025\/03\/Trainify-logo-parrot2.png","contentUrl":"https:\/\/tyoturvakortit.fi\/wp-content\/uploads\/2025\/03\/Trainify-logo-parrot2.png","width":1114,"height":686,"caption":"Trainify"},"image":{"@id":"https:\/\/tyoturvakortit.fi\/en\/#\/schema\/logo\/image\/"}}]}},"_links":{"self":[{"href":"https:\/\/tyoturvakortit.fi\/en\/wp-json\/wp\/v2\/pages\/2447","targetHints":{"allow":["GET"]}}],"collection":[{"href":"https:\/\/tyoturvakortit.fi\/en\/wp-json\/wp\/v2\/pages"}],"about":[{"href":"https:\/\/tyoturvakortit.fi\/en\/wp-json\/wp\/v2\/types\/page"}],"author":[{"embeddable":true,"href":"https:\/\/tyoturvakortit.fi\/en\/wp-json\/wp\/v2\/users\/2"}],"replies":[{"embeddable":true,"href":"https:\/\/tyoturvakortit.fi\/en\/wp-json\/wp\/v2\/comments?post=2447"}],"version-history":[{"count":1,"href":"https:\/\/tyoturvakortit.fi\/en\/wp-json\/wp\/v2\/pages\/2447\/revisions"}],"predecessor-version":[{"id":2449,"href":"https:\/\/tyoturvakortit.fi\/en\/wp-json\/wp\/v2\/pages\/2447\/revisions\/2449"}],"wp:attachment":[{"href":"https:\/\/tyoturvakortit.fi\/en\/wp-json\/wp\/v2\/media?parent=2447"}],"curies":[{"name":"wp","href":"https:\/\/api.w.org\/{rel}","templated":true}]}}